{"id":20,"date":"2026-02-18T16:59:12","date_gmt":"2026-02-18T14:59:12","guid":{"rendered":"https:\/\/autoskolastopini.rvit.dev\/index.php\/liguma-noteikumi\/"},"modified":"2026-02-18T16:59:12","modified_gmt":"2026-02-18T14:59:12","slug":"liguma-noteikumi","status":"publish","type":"page","link":"https:\/\/autoskolastopini.rvit.dev\/index.php\/liguma-noteikumi\/","title":{"rendered":"L\u012bguma noteikumi"},"content":{"rendered":"<div class=\"autoskola-terms-content\">Piesakoties apm\u0101c\u012bbai, J\u016bs piekr\u012btat \u0161\u0101diem noteikumiem:\r\n<ol>\r\n \t<li>Apm\u0101c\u012bba notiek saska\u0146\u0101 ar LR likumdo\u0161anu un CSDD pras\u012bb\u0101m.<\/li>\r\n \t<li>Teorijas kurss ir pieejams e-vid\u0113 6 m\u0113ne\u0161us no re\u0123istr\u0101cijas br\u012b\u017ea.<\/li>\r\n \t<li>Kl\u0101tienes modu\u013ci (3 oblig\u0101tie) j\u0101apmekl\u0113 saska\u0146\u0101 ar grafiku.<\/li>\r\n \t<li>Brauk\u0161anas nodarb\u012bbas tiek apmaks\u0101tas atsevi\u0161\u0137i saska\u0146\u0101 ar cenr\u0101di.<\/li>\r\n \t<li>Apmaksa j\u0101veic pirms apm\u0101c\u012bbas uzs\u0101k\u0161anas.<\/li>\r\n \t<li>Naudas atmaksa iesp\u0113jama tikai l\u012bdz kursa uzs\u0101k\u0161anai.<\/li>\r\n<\/ol><\/div>\n","protected":false},"excerpt":{"rendered":"","protected":false},"author":1,"featured_media":0,"parent":0,"menu_order":0,"comment_status":"closed","ping_status":"closed","template":"","meta":{"footnotes":""},"class_list":["post-20","page","type-page","status-publish","hentry"],"_links":{"self":[{"href":"https:\/\/autoskolastopini.rvit.dev\/index.php\/wp-json\/wp\/v2\/pages\/20","targetHints":{"allow":["GET"]}}],"collection":[{"href":"https:\/\/autoskolastopini.rvit.dev\/index.php\/wp-json\/wp\/v2\/pages"}],"about":[{"href":"https:\/\/autoskolastopini.rvit.dev\/index.php\/wp-json\/wp\/v2\/types\/page"}],"author":[{"embeddable":true,"href":"https:\/\/autoskolastopini.rvit.dev\/index.php\/wp-json\/wp\/v2\/users\/1"}],"replies":[{"embeddable":true,"href":"https:\/\/autoskolastopini.rvit.dev\/index.php\/wp-json\/wp\/v2\/comments?post=20"}],"version-history":[{"count":1,"href":"https:\/\/autoskolastopini.rvit.dev\/index.php\/wp-json\/wp\/v2\/pages\/20\/revisions"}],"predecessor-version":[{"id":30,"href":"https:\/\/autoskolastopini.rvit.dev\/index.php\/wp-json\/wp\/v2\/pages\/20\/revisions\/30"}],"wp:attachment":[{"href":"https:\/\/autoskolastopini.rvit.dev\/index.php\/wp-json\/wp\/v2\/media?parent=20"}],"curies":[{"name":"wp","href":"https:\/\/api.w.org\/{rel}","templated":true}]}}